{"id":171,"date":"2023-06-23T11:42:44","date_gmt":"2023-06-23T11:42:44","guid":{"rendered":"https:\/\/mulherescomimpacto.com\/candidaturas\/"},"modified":"2023-06-30T13:25:45","modified_gmt":"2023-06-30T13:25:45","slug":"candidaturas","status":"publish","type":"page","link":"https:\/\/mulherescomimpacto.com\/es\/candidaturas\/","title":{"rendered":"Candidaturas"},"content":{"rendered":"\n<section class=\"training\">\n    <div class=\"container\">\n        <div class=\"row\">\n            <div class=\"col-lg-6\">\n                <h2 class=\"training__title title mb-1 mb-lg-2\">CAPACITACI\u00d3N <\/h2>\n                                <div class=\"hstack ms-lg-5 ps-lg-5\">\n                    <a class=\"btn mt-lg-1 ms-auto me-lg-auto\" href=\"https:\/\/forms.gle\/Ka4y4k2KgxfeTXN39\" target=\"_blank\">Inscribirse <\/a>\n                <\/div>\n                            <\/div>\n\n            <div class=\"col-lg-6 mt-5 mt-lg-0\">\n                <p class=\"training__caption caption mb-4\">El programa oferece a las 50 emprendedoras seleccionadas la oportunidad de desarrollar sus negocios y mejorar sus habilidades, a trav\u00e9s de un formato que integra teor\u00eda y pr\u00e1ctica. Adem\u00e1s, fomenta la colaboraci\u00f3n entre las participantes, brind\u00e1ndoles un espacio para discutir desaf\u00edos e identificar oportunidades.<\/p>\n            <\/div>\n        <\/div>\n\n        <div class=\"training__img\">\n            <img decoding=\"async\" width=\"1579\" height=\"570\" src=\"https:\/\/mulherescomimpacto.com\/wp-content\/uploads\/2023\/06\/Candidaturas-timeline-es-1.svg\" class=\"attachment-full size-full\" alt=\"\" \/>        <\/div>\n    <\/div>\n<\/section>\n\n\r\n<section class=\"services\">\r\n    <div class=\"container\">\r\n                <div class=\"services__trainig\">\r\n            <h2 class=\"services__title title\">Capacitaci\u00f3n:<\/h2>\r\n            <div class=\"row justify-content-evenly\">\r\n                <div class=\"col-lg-5\">\r\n                    <div class=\"services__caption caption\">\r\n                        <p><span style=\"font-weight: 400;\">La etapa de Capacitaci\u00f3n del programa se divide en tres m\u00f3dulos y las sesiones se realizan en l\u00ednea a trav\u00e9s de la plataforma Zoom, brindando mayor flexibilidad a las participantes. Los contenidos a cubrir incluyen:<\/span><\/p>\n                    <\/div>\r\n                <\/div>\r\n                <div class=\"col-lg-5 pt-3 pt-lg-0\">\r\n                    <div class=\"services__caption caption\">\r\n                        <ul>\n<li style=\"font-weight: 400;\" aria-level=\"1\"><span style=\"font-weight: 400;\">Posicionamiento y propuesta de valor<\/span><\/li>\n<li style=\"font-weight: 400;\" aria-level=\"1\"><span style=\"font-weight: 400;\">Modelo de negocio y plan financiero<\/span><\/li>\n<li style=\"font-weight: 400;\" aria-level=\"1\"><span style=\"font-weight: 400;\">Canales de venta y marketing.<\/span><\/li>\n<\/ul>\n                    <\/div>\r\n                <\/div>\r\n            <\/div>\r\n            \r\n                            <div class=\"services__labels d-flex justify-content-center gap-2 align-items-start\">\r\n                                        <h3 class=\"services__label\">10H DE<br>CONTENIDO<\/h3>\r\n                                        <h3 class=\"services__label\">EN L\u00cdNEA<\/h3>\r\n                                    <\/div>\r\n                    <\/div>\r\n        \r\n                <div class=\"services__mentoring\">\r\n            <div class=\"row\">\r\n                <div class=\"col-lg-auto\">\r\n                    <h2 class=\"services__title title mb-4 mb-lg-2\">Tutor\u00eda:<\/h2>\r\n                <\/div>\r\n                                    <div class=\"col-lg\">\r\n                        <div class=\"services__caption caption\">\r\n                            <p><span style=\"font-weight: 400;\">La tutor\u00eda grupal juega un papel clave en la formaci\u00f3n de mujeres emprendedoras. Las sesiones, con una duraci\u00f3n de 1,5 horas cada una, tienen lugar entre las etapas de Formaci\u00f3n y\u00a0<\/span><\/p>\n                        <\/div>\r\n                    <\/div>\r\n                    <div class=\"col-lg\">\r\n                        <div class=\"services__caption caption\">\r\n                            <p><span style=\"font-weight: 400;\">brindan a las participantes un espacio de intercambio. As\u00ed, podr\u00e1n difundir su aprendizaje, promover el networking e inspirarse mutuamente.<\/span><\/p>\n                        <\/div>\r\n                    <\/div>\r\n                            <\/div>\r\n            \r\n                            <div class=\"services__labels d-flex justify-content-lg-center gap-lg-2 align-items-start flex-wrap\">\r\n                                        <h3 class=\"services__label\">2 sesiones de grupo<\/h3>\r\n                                        <h3 class=\"services__label\">Creando una comunidad emprendedora<\/h3>\r\n                                    <\/div>\r\n                    <\/div>\r\n            <\/div>\r\n<\/section>\n\n\r\n<section class=\"important-dates mt-0\">\r\n    <div class=\"container\">\r\n        <div class=\"row align-items-center\">\r\n            <div class=\"col-lg-auto col-xl-6\">\r\n                <h2 class=\"important-dates__title title mb-5 mb-lg-0\">Fechas importantes<\/h2>\r\n            <\/div>\r\n\r\n            <div class=\"col-lg-5 col-xl-6 ms-lg-auto\">\r\n                                <div class=\"important-dates__list hstack gap-2 gap-xl-4\">\r\n                    <div class=\"fs-24\">7 julio 2023<\/div>\r\n                    <div class=\"fs-45\">Cierre de la aplicaci\u00f3n<\/div>\r\n                <\/div>\r\n                                <div class=\"important-dates__list hstack gap-2 gap-xl-4\">\r\n                    <div class=\"fs-24\">25 julio 2023<\/div>\r\n                    <div class=\"fs-45\">Inicio de sesiones de entrenamiento<\/div>\r\n                <\/div>\r\n                                <div class=\"important-dates__list hstack gap-2 gap-xl-4\">\r\n                    <div class=\"fs-24\">8 agosto 2023<\/div>\r\n                    <div class=\"fs-45\">Fin del programa de formaci\u00f3n<\/div>\r\n                <\/div>\r\n                            <\/div>\r\n        <\/div>\r\n    <\/div>\r\n<\/section>\n\n<section class=\"who-block pt-3 pt-lg-5\">\n    <div class=\"container\">\n        <h2 class=\"who-block__title title\">Para qui\u00e9n?<\/h2>\n        <div class=\"who-block__caption caption\">\n            <ul>\n<li><span style=\"font-weight: 400;\">Mujeres emprendedoras que vivan en alguna de las ciudades participantes: Lisboa, R\u00edo de Janeiro, S\u00e3o Paulo o Buenos Aires.<\/span>\n<p>&nbsp;<\/li>\n<li><span style=\"font-weight: 400;\">Mujeres que ya tengan un negocio generador de ingresos propio. Interesadas \u200b\u200ben adquirir conocimientos b\u00e1sicos sobre emprendimiento.<\/span><\/li>\n<li>Fomentamos la participaci\u00f3n de diferentes perfiles, contemplando la inclusi\u00f3n de colectivos subrepresentados, tales como: inmigrantes, personas en situaci\u00f3n de discapacidad, LGBTQIA+, personas en precariedad socioecon\u00f3mica, personas Mayores.<\/li>\n<\/ul>\n<p><a href=\"https:\/\/mulherescomimpacto.com\/wp-content\/uploads\/2023\/06\/Condiciones-de-participacion-_-MCI.pdf\" target=\"_blank\" rel=\"noopener\"><span style=\"text-decoration: underline;\"><span style=\"font-weight: 400;\">M\u00e1s informaci\u00f3n sobre las condiciones de participaci\u00f3n <\/span><span style=\"font-weight: 400;\">aqu\u00ed<\/span><span style=\"font-weight: 400;\">. <\/span><\/span><\/a><\/p>\n        <\/div>\n        \n        <div class=\"who-block__registration\">\n            <div class=\"col-lg-9 px-0 mx-lg-auto\">\n                <div class=\"row\">\n                    <div class=\"col-lg-6\">\n                        <h2 class=\"registration__title title\">Inscripciones hasta el d\u00eda 07\/07\/23<\/h2>\n                    <\/div>\n                    \n                    <div class=\"col-lg-6 mt-4 mt-lg-0\">\n                        <div class=\"caption pb-3 pb-lg-0\">\n                            Las participantes seleccionadas ser\u00e1n informadas hasta el 18 de julio. Es importante que antes de realizar su postulaci\u00f3n, asegure que tendr\u00e1 disponibilidad para las sesiones de Capacitaci\u00f3n y Mentor\u00eda.                        <\/div>\n                                                    <a class=\"btn mt-4\" href=\"https:\/\/forms.gle\/Ka4y4k2KgxfeTXN39\" target=\"_blank\">Inscribirse<\/a>\n                                            <\/div>\n                <\/div>\n            <\/div>\n        <\/div>\n    <\/div>\n<\/section>","protected":false},"excerpt":{"rendered":"","protected":false},"author":1,"featured_media":260,"parent":0,"menu_order":0,"comment_status":"closed","ping_status":"closed","template":"","meta":{"inline_featured_image":false,"footnotes":""},"class_list":["post-171","page","type-page","status-publish","has-post-thumbnail","hentry"],"acf":[],"yoast_head":"<!-- This site is optimized with the Yoast SEO plugin v27.6 - https:\/\/yoast.com\/product\/yoast-seo-wordpress\/ -->\n<title>Candidaturas - Mulheres com Impacto<\/title>\n<meta name=\"description\" content=\"El programa oferece a las 50 emprendedoras seleccionadas la oportunidad de desarrollar sus negocios y mejorar sus habilidades, a trav\u00e9s de un formato que integra teor\u00eda y pr\u00e1ctica.\" \/>\n<meta name=\"robots\" content=\"index, follow, max-snippet:-1, max-image-preview:large, max-video-preview:-1\" \/>\n<link rel=\"canonical\" href=\"https:\/\/mulherescomimpacto.com\/es\/candidaturas\/\" \/>\n<meta property=\"og:locale\" content=\"es_ES\" \/>\n<meta property=\"og:type\" content=\"article\" \/>\n<meta property=\"og:title\" content=\"Candidaturas - Mulheres com Impacto\" \/>\n<meta property=\"og:description\" content=\"El programa oferece a las 50 emprendedoras seleccionadas la oportunidad de desarrollar sus negocios y mejorar sus habilidades, a trav\u00e9s de un formato que integra teor\u00eda y pr\u00e1ctica.\" \/>\n<meta property=\"og:url\" content=\"https:\/\/mulherescomimpacto.com\/es\/candidaturas\/\" \/>\n<meta property=\"og:site_name\" content=\"Mulheres com Impacto\" \/>\n<meta property=\"article:modified_time\" content=\"2023-06-30T13:25:45+00:00\" \/>\n<meta property=\"og:image\" content=\"https:\/\/mulherescomimpacto.com\/wp-content\/uploads\/2023\/06\/SEO-home-image-1.png\" \/>\n\t<meta property=\"og:image:width\" content=\"2400\" \/>\n\t<meta property=\"og:image:height\" content=\"1350\" \/>\n\t<meta property=\"og:image:type\" content=\"image\/png\" \/>\n<meta name=\"twitter:card\" content=\"summary_large_image\" \/>\n<meta name=\"twitter:title\" content=\"Candidaturas - Mulheres com Impacto\" \/>\n<meta name=\"twitter:description\" content=\"El programa oferece a las 50 emprendedoras seleccionadas la oportunidad de desarrollar sus negocios y mejorar sus habilidades, a trav\u00e9s de un formato que integra teor\u00eda y pr\u00e1ctica.\" \/>\n<meta name=\"twitter:image\" content=\"https:\/\/mulherescomimpacto.com\/wp-content\/uploads\/2023\/06\/SEO-home-image-1.png\" \/>\n<script type=\"application\/ld+json\" class=\"yoast-schema-graph\">{\"@context\":\"https:\\\/\\\/schema.org\",\"@graph\":[{\"@type\":\"WebPage\",\"@id\":\"https:\\\/\\\/mulherescomimpacto.com\\\/es\\\/candidaturas\\\/\",\"url\":\"https:\\\/\\\/mulherescomimpacto.com\\\/es\\\/candidaturas\\\/\",\"name\":\"Candidaturas - Mulheres com Impacto\",\"isPartOf\":{\"@id\":\"https:\\\/\\\/mulherescomimpacto.com\\\/es\\\/#website\"},\"primaryImageOfPage\":{\"@id\":\"https:\\\/\\\/mulherescomimpacto.com\\\/es\\\/candidaturas\\\/#primaryimage\"},\"image\":{\"@id\":\"https:\\\/\\\/mulherescomimpacto.com\\\/es\\\/candidaturas\\\/#primaryimage\"},\"thumbnailUrl\":\"https:\\\/\\\/mulherescomimpacto.com\\\/wp-content\\\/uploads\\\/2023\\\/06\\\/SEO-home-image-1.png\",\"datePublished\":\"2023-06-23T11:42:44+00:00\",\"dateModified\":\"2023-06-30T13:25:45+00:00\",\"description\":\"El programa oferece a las 50 emprendedoras seleccionadas la oportunidad de desarrollar sus negocios y mejorar sus habilidades, a trav\u00e9s de un formato que integra teor\u00eda y pr\u00e1ctica.\",\"breadcrumb\":{\"@id\":\"https:\\\/\\\/mulherescomimpacto.com\\\/es\\\/candidaturas\\\/#breadcrumb\"},\"inLanguage\":\"es\",\"potentialAction\":[{\"@type\":\"ReadAction\",\"target\":[\"https:\\\/\\\/mulherescomimpacto.com\\\/es\\\/candidaturas\\\/\"]}]},{\"@type\":\"ImageObject\",\"inLanguage\":\"es\",\"@id\":\"https:\\\/\\\/mulherescomimpacto.com\\\/es\\\/candidaturas\\\/#primaryimage\",\"url\":\"https:\\\/\\\/mulherescomimpacto.com\\\/wp-content\\\/uploads\\\/2023\\\/06\\\/SEO-home-image-1.png\",\"contentUrl\":\"https:\\\/\\\/mulherescomimpacto.com\\\/wp-content\\\/uploads\\\/2023\\\/06\\\/SEO-home-image-1.png\",\"width\":2400,\"height\":1350},{\"@type\":\"BreadcrumbList\",\"@id\":\"https:\\\/\\\/mulherescomimpacto.com\\\/es\\\/candidaturas\\\/#breadcrumb\",\"itemListElement\":[{\"@type\":\"ListItem\",\"position\":1,\"name\":\"Home\",\"item\":\"https:\\\/\\\/mulherescomimpacto.com\\\/es\\\/\"},{\"@type\":\"ListItem\",\"position\":2,\"name\":\"Candidaturas\"}]},{\"@type\":\"WebSite\",\"@id\":\"https:\\\/\\\/mulherescomimpacto.com\\\/es\\\/#website\",\"url\":\"https:\\\/\\\/mulherescomimpacto.com\\\/es\\\/\",\"name\":\"Mulheres com Impacto\",\"description\":\"Empreendedorismo Feminino entre cidades Ibero-Americanas\",\"publisher\":{\"@id\":\"https:\\\/\\\/mulherescomimpacto.com\\\/es\\\/#organization\"},\"potentialAction\":[{\"@type\":\"SearchAction\",\"target\":{\"@type\":\"EntryPoint\",\"urlTemplate\":\"https:\\\/\\\/mulherescomimpacto.com\\\/es\\\/?s={search_term_string}\"},\"query-input\":{\"@type\":\"PropertyValueSpecification\",\"valueRequired\":true,\"valueName\":\"search_term_string\"}}],\"inLanguage\":\"es\"},{\"@type\":\"Organization\",\"@id\":\"https:\\\/\\\/mulherescomimpacto.com\\\/es\\\/#organization\",\"name\":\"Mulheres com Impacto\",\"url\":\"https:\\\/\\\/mulherescomimpacto.com\\\/es\\\/\",\"logo\":{\"@type\":\"ImageObject\",\"inLanguage\":\"es\",\"@id\":\"https:\\\/\\\/mulherescomimpacto.com\\\/es\\\/#\\\/schema\\\/logo\\\/image\\\/\",\"url\":\"https:\\\/\\\/mulherescomimpacto.com\\\/wp-content\\\/uploads\\\/2023\\\/06\\\/Mulheres-com-impacto-logo-yellow.svg\",\"contentUrl\":\"https:\\\/\\\/mulherescomimpacto.com\\\/wp-content\\\/uploads\\\/2023\\\/06\\\/Mulheres-com-impacto-logo-yellow.svg\",\"width\":219,\"height\":118,\"caption\":\"Mulheres com Impacto\"},\"image\":{\"@id\":\"https:\\\/\\\/mulherescomimpacto.com\\\/es\\\/#\\\/schema\\\/logo\\\/image\\\/\"}}]}<\/script>\n<!-- \/ Yoast SEO plugin. -->","yoast_head_json":{"title":"Candidaturas - Mulheres com Impacto","description":"El programa oferece a las 50 emprendedoras seleccionadas la oportunidad de desarrollar sus negocios y mejorar sus habilidades, a trav\u00e9s de un formato que integra teor\u00eda y pr\u00e1ctica.","robots":{"index":"index","follow":"follow","max-snippet":"max-snippet:-1","max-image-preview":"max-image-preview:large","max-video-preview":"max-video-preview:-1"},"canonical":"https:\/\/mulherescomimpacto.com\/es\/candidaturas\/","og_locale":"es_ES","og_type":"article","og_title":"Candidaturas - Mulheres com Impacto","og_description":"El programa oferece a las 50 emprendedoras seleccionadas la oportunidad de desarrollar sus negocios y mejorar sus habilidades, a trav\u00e9s de un formato que integra teor\u00eda y pr\u00e1ctica.","og_url":"https:\/\/mulherescomimpacto.com\/es\/candidaturas\/","og_site_name":"Mulheres com Impacto","article_modified_time":"2023-06-30T13:25:45+00:00","og_image":[{"width":2400,"height":1350,"url":"https:\/\/mulherescomimpacto.com\/wp-content\/uploads\/2023\/06\/SEO-home-image-1.png","type":"image\/png"}],"twitter_card":"summary_large_image","twitter_title":"Candidaturas - Mulheres com Impacto","twitter_description":"El programa oferece a las 50 emprendedoras seleccionadas la oportunidad de desarrollar sus negocios y mejorar sus habilidades, a trav\u00e9s de un formato que integra teor\u00eda y pr\u00e1ctica.","twitter_image":"https:\/\/mulherescomimpacto.com\/wp-content\/uploads\/2023\/06\/SEO-home-image-1.png","schema":{"@context":"https:\/\/schema.org","@graph":[{"@type":"WebPage","@id":"https:\/\/mulherescomimpacto.com\/es\/candidaturas\/","url":"https:\/\/mulherescomimpacto.com\/es\/candidaturas\/","name":"Candidaturas - Mulheres com Impacto","isPartOf":{"@id":"https:\/\/mulherescomimpacto.com\/es\/#website"},"primaryImageOfPage":{"@id":"https:\/\/mulherescomimpacto.com\/es\/candidaturas\/#primaryimage"},"image":{"@id":"https:\/\/mulherescomimpacto.com\/es\/candidaturas\/#primaryimage"},"thumbnailUrl":"https:\/\/mulherescomimpacto.com\/wp-content\/uploads\/2023\/06\/SEO-home-image-1.png","datePublished":"2023-06-23T11:42:44+00:00","dateModified":"2023-06-30T13:25:45+00:00","description":"El programa oferece a las 50 emprendedoras seleccionadas la oportunidad de desarrollar sus negocios y mejorar sus habilidades, a trav\u00e9s de un formato que integra teor\u00eda y pr\u00e1ctica.","breadcrumb":{"@id":"https:\/\/mulherescomimpacto.com\/es\/candidaturas\/#breadcrumb"},"inLanguage":"es","potentialAction":[{"@type":"ReadAction","target":["https:\/\/mulherescomimpacto.com\/es\/candidaturas\/"]}]},{"@type":"ImageObject","inLanguage":"es","@id":"https:\/\/mulherescomimpacto.com\/es\/candidaturas\/#primaryimage","url":"https:\/\/mulherescomimpacto.com\/wp-content\/uploads\/2023\/06\/SEO-home-image-1.png","contentUrl":"https:\/\/mulherescomimpacto.com\/wp-content\/uploads\/2023\/06\/SEO-home-image-1.png","width":2400,"height":1350},{"@type":"BreadcrumbList","@id":"https:\/\/mulherescomimpacto.com\/es\/candidaturas\/#breadcrumb","itemListElement":[{"@type":"ListItem","position":1,"name":"Home","item":"https:\/\/mulherescomimpacto.com\/es\/"},{"@type":"ListItem","position":2,"name":"Candidaturas"}]},{"@type":"WebSite","@id":"https:\/\/mulherescomimpacto.com\/es\/#website","url":"https:\/\/mulherescomimpacto.com\/es\/","name":"Mulheres com Impacto","description":"Empreendedorismo Feminino entre cidades Ibero-Americanas","publisher":{"@id":"https:\/\/mulherescomimpacto.com\/es\/#organization"},"potentialAction":[{"@type":"SearchAction","target":{"@type":"EntryPoint","urlTemplate":"https:\/\/mulherescomimpacto.com\/es\/?s={search_term_string}"},"query-input":{"@type":"PropertyValueSpecification","valueRequired":true,"valueName":"search_term_string"}}],"inLanguage":"es"},{"@type":"Organization","@id":"https:\/\/mulherescomimpacto.com\/es\/#organization","name":"Mulheres com Impacto","url":"https:\/\/mulherescomimpacto.com\/es\/","logo":{"@type":"ImageObject","inLanguage":"es","@id":"https:\/\/mulherescomimpacto.com\/es\/#\/schema\/logo\/image\/","url":"https:\/\/mulherescomimpacto.com\/wp-content\/uploads\/2023\/06\/Mulheres-com-impacto-logo-yellow.svg","contentUrl":"https:\/\/mulherescomimpacto.com\/wp-content\/uploads\/2023\/06\/Mulheres-com-impacto-logo-yellow.svg","width":219,"height":118,"caption":"Mulheres com Impacto"},"image":{"@id":"https:\/\/mulherescomimpacto.com\/es\/#\/schema\/logo\/image\/"}}]}},"_links":{"self":[{"href":"https:\/\/mulherescomimpacto.com\/es\/wp-json\/wp\/v2\/pages\/171","targetHints":{"allow":["GET"]}}],"collection":[{"href":"https:\/\/mulherescomimpacto.com\/es\/wp-json\/wp\/v2\/pages"}],"about":[{"href":"https:\/\/mulherescomimpacto.com\/es\/wp-json\/wp\/v2\/types\/page"}],"author":[{"embeddable":true,"href":"https:\/\/mulherescomimpacto.com\/es\/wp-json\/wp\/v2\/users\/1"}],"replies":[{"embeddable":true,"href":"https:\/\/mulherescomimpacto.com\/es\/wp-json\/wp\/v2\/comments?post=171"}],"version-history":[{"count":11,"href":"https:\/\/mulherescomimpacto.com\/es\/wp-json\/wp\/v2\/pages\/171\/revisions"}],"predecessor-version":[{"id":276,"href":"https:\/\/mulherescomimpacto.com\/es\/wp-json\/wp\/v2\/pages\/171\/revisions\/276"}],"wp:featuredmedia":[{"embeddable":true,"href":"https:\/\/mulherescomimpacto.com\/es\/wp-json\/wp\/v2\/media\/260"}],"wp:attachment":[{"href":"https:\/\/mulherescomimpacto.com\/es\/wp-json\/wp\/v2\/media?parent=171"}],"curies":[{"name":"wp","href":"https:\/\/api.w.org\/{rel}","templated":true}]}}