{"id":322,"date":"2023-08-14T11:16:57","date_gmt":"2023-08-14T11:16:57","guid":{"rendered":"https:\/\/mulherescomimpacto.com\/?page_id=322"},"modified":"2024-02-09T11:20:35","modified_gmt":"2024-02-09T11:20:35","slug":"lisboa","status":"publish","type":"page","link":"https:\/\/mulherescomimpacto.com\/es\/lisboa\/","title":{"rendered":"Lisboa"},"content":{"rendered":"\n<section class=\"home-hero\">\n    <div class=\"container\">\n    <div class=\"row\">\n        <div class=\"col-xl-7 pe-xl-0\">\n            <h2 class=\"home-hero__title title mb-4 mb-xl-2\">Recursos de apoyo para el emprendimiento femenino en Lisboa.<\/h2>\n        <\/div>\n\n        <div class=\"col-xl-5 ms-xl-auto\">\n            <p class=\"home-hero__caption caption mb-4\">El \u00cdndice Mastercard de Mujeres Emprendedoras (MIWE), que analiza la igualdad de g\u00e9nero en el mundo empresarial y c\u00f3mo ha progresado el emprendimiento femenino en 65 pa\u00edses de todo el mundo, indica que Portugal ocupa el sexto lugar en la lista de pa\u00edses del mundo con m\u00e1s mujeres empresarias.<\/p>\n                    <\/div>\n    <\/div>\n\n    <div class=\"home-hero__img\" aria-hidden=\"true\"><\/div><\/div>\n<\/section>\n\n<section class=\"recursos mt-0\" style=\"--bg-color: var(--light-brown-color);\">\n    <div class=\"container\">\n        <div class=\"row gx-0\">\n            <div class=\"recursos__content col-lg-6 col-xl-4\">\n                <div class=\"vstack h-100\">\n                    <h2 class=\"recursos__title title p-0\">Educaci\u00f3n y formaci\u00f3n:<\/h2>\n                    <p class=\"recursos__caption caption\">Recursos espec\u00edficos y programas relevantes que proporcionan formaci\u00f3n, educaci\u00f3n y capacitaci\u00f3n para mujeres emprendedoras y sus ideas, negocios y proyectos en fase inicial.<\/p>\n                <\/div>\n            <\/div>\n            \n                                    <div class=\"col-lg-6 col-xl-4\">\n                <a class=\"recursos__item h-100\" href=\"https:\/\/boramulheres.pt\/\" target=\"blank\" title=\"BORA Mulheres\">\n                    <div class=\"recursos__item-header\">\n                        <img decoding=\"async\" src=\"https:\/\/mulherescomimpacto.com\/wp-content\/uploads\/2023\/08\/Bora-mulheres.png\" alt=\"BORA Mulheres\" loading=\"lazy\">\n                    <\/div>\n                    <h3 class=\"text-uppercase my-4\">BORA Mulheres<\/h3>\n                    <div class=\"caption\">\n                        Programa de formaci\u00f3n intensiva que tiene como objetivo empoderar, capacitar y conectar mujeres para que ingresen al mundo del emprendimiento. &#8211; ImpactHub Lisbon &#038; Coca-Cola.                    <\/div>\n                <\/a>\n            <\/div>\n                                    <div class=\"col-lg-6 col-xl-4\">\n                <a class=\"recursos__item h-100\" href=\"https:\/\/circular-cascade.eu\/pt\/home-po\/\" target=\"blank\" title=\"Cascade\">\n                    <div class=\"recursos__item-header\">\n                        <img decoding=\"async\" src=\"https:\/\/mulherescomimpacto.com\/wp-content\/uploads\/2023\/08\/Cascade.png\" alt=\"Cascade\" loading=\"lazy\">\n                    <\/div>\n                    <h3 class=\"text-uppercase my-4\">Cascade<\/h3>\n                    <div class=\"caption\">\n                        Programa de incubaci\u00f3n para el desarrollo de proyectos circulares desde su inicio, as\u00ed como para empresas de servicios digitales (PYMEs). &#8211; ImpactHub Lisbon &#038; UE.                    <\/div>\n                <\/a>\n            <\/div>\n                                    <div class=\"col-lg-6 col-xl-4\">\n                <a class=\"recursos__item h-100\" href=\"https:\/\/www.clsbe.lisboa.ucp.pt\/institutional-initiatives\/women-empowerment\" target=\"blank\" title=\"We@Catolica-Lisbon\">\n                    <div class=\"recursos__item-header\">\n                        <img decoding=\"async\" src=\"https:\/\/mulherescomimpacto.com\/wp-content\/uploads\/2023\/08\/Universidade-catolica-portuguesa.png\" alt=\"We@Catolica-Lisbon\" loading=\"lazy\">\n                    <\/div>\n                    <h3 class=\"text-uppercase my-4\">We@Catolica-Lisbon<\/h3>\n                    <div class=\"caption\">\n                        Programa gratuito para mujeres emprendedoras que han lanzado o est\u00e1n pensando en lanzar su negocio, proporcionando las herramientas necesarias. &#8211; CEA &#038; Universidad Cat\u00f3lica.                    <\/div>\n                <\/a>\n            <\/div>\n                                    <div class=\"col-lg-6 col-xl-4\">\n                <a class=\"recursos__item h-100\" href=\"https:\/\/casadoimpacto.scml.pt\/open-call\/aceleracao\/triggers\/\" target=\"blank\" title=\"Triggers\">\n                    <div class=\"recursos__item-header\">\n                        <img decoding=\"async\" src=\"https:\/\/mulherescomimpacto.com\/wp-content\/uploads\/2023\/08\/Triggers.png\" alt=\"Triggers\" loading=\"lazy\">\n                    <\/div>\n                    <h3 class=\"text-uppercase my-4\">Triggers<\/h3>\n                    <div class=\"caption\">\n                        <br \/>\r\nPrograma de aceleraci\u00f3n que estimula la generaci\u00f3n de nuevas ideas y su transformaci\u00f3n en soluciones sostenibles. &#8211; Casa do Impacto.                    <\/div>\n                <\/a>\n            <\/div>\n                                    <div class=\"col-lg-6 col-xl-4\">\n                <a class=\"recursos__item h-100\" href=\"https:\/\/casadoimpacto.scml.pt\/open-call\/aceleracao\/rise\/\" target=\"blank\" title=\"Rise for Impact\">\n                    <div class=\"recursos__item-header\">\n                        <img decoding=\"async\" src=\"https:\/\/mulherescomimpacto.com\/wp-content\/uploads\/2023\/08\/Rise-for-impact.png\" alt=\"Rise for Impact\" loading=\"lazy\">\n                    <\/div>\n                    <h3 class=\"text-uppercase my-4\">Rise for Impact<\/h3>\n                    <div class=\"caption\">\n                        Programa de Aceleraci\u00f3n dirigido a proyectos en fase de desarrollo y validaci\u00f3n de la idea, producto o servicio y\/o del modelo de negocio. &#8211; Casa do Impacto.                    <\/div>\n                <\/a>\n            <\/div>\n                    <\/div>\n    <\/div>\n<\/section>\n\n\n<section class=\"recursos mt-0\" style=\"--bg-color: var(--yellow-color);\">\n    <div class=\"container\">\n        <div class=\"row gx-0 has-four-items\">\n            <div class=\"recursos__content col-lg-6 col-xl-4\">\n                <div class=\"vstack h-100\">\n                    <h2 class=\"recursos__title title p-0\">Financiamiento:<\/h2>\n                    <p class=\"recursos__caption caption\">Recursos espec\u00edficos de programas de inversi\u00f3n y fondos dirigidos a negocios y proyectos emprendedores en diversas \u00e1reas de intervenci\u00f3n.<\/p>\n                <\/div>\n            <\/div>\n            \n                                    <div class=\"col-lg-6 col-xl-4\">\n                <a class=\"recursos__item h-100\" href=\"https:\/\/lisbon.impacthub.net\/program\/sotecin-factory\/\" target=\"blank\" title=\"SOTECIN FACTORY\">\n                    <div class=\"recursos__item-header\">\n                        <img decoding=\"async\" src=\"https:\/\/mulherescomimpacto.com\/wp-content\/uploads\/2023\/08\/Sotecin.png\" alt=\"SOTECIN FACTORY\" loading=\"lazy\">\n                    <\/div>\n                    <h3 class=\"text-uppercase my-4\">SOTECIN FACTORY<\/h3>\n                    <div class=\"caption\">\n                        Ofrece un fondo sin capital y apoyo en capacitaci\u00f3n para innovaciones sociales que mejoren la circularidad de las principales cadenas de valor de productos. &#8211; ImpactHub Lisbon.                    <\/div>\n                <\/a>\n            <\/div>\n                                    <div class=\"col-lg-6 col-xl-4\">\n                <a class=\"recursos__item h-100\" href=\"https:\/\/maisajuda.pt\/\" target=\"blank\" title=\"Mais ajuda\">\n                    <div class=\"recursos__item-header\">\n                        <img decoding=\"async\" src=\"https:\/\/mulherescomimpacto.com\/wp-content\/uploads\/2023\/08\/Mais-ajuda.png\" alt=\"Mais ajuda\" loading=\"lazy\">\n                    <\/div>\n                    <h3 class=\"text-uppercase my-4\">Mais ajuda<\/h3>\n                    <div class=\"caption\">\n                        Impulsa proyectos emprendedores de impacto social de empresas IPSS y startups, as\u00ed como empresas de emprendimiento social. &#8211; ImpactHub Lisbon &#038; Lidl.                    <\/div>\n                <\/a>\n            <\/div>\n                                    <div class=\"col-lg-6 col-xl-4\">\n                <a class=\"recursos__item h-100\" href=\"https:\/\/casadoimpacto.scml.pt\/open-call\/investimento\/\" target=\"blank\" title=\"Fundo Plus+\">\n                    <div class=\"recursos__item-header\">\n                        <img decoding=\"async\" src=\"https:\/\/mulherescomimpacto.com\/wp-content\/uploads\/2023\/08\/Plus.png\" alt=\"Fundo Plus+\" loading=\"lazy\">\n                    <\/div>\n                    <h3 class=\"text-uppercase my-4\">Fundo Plus+<\/h3>\n                    <div class=\"caption\">\n                        Instrumento de financiamiento que apoya la implementaci\u00f3n o expansi\u00f3n de soluciones innovadoras con impacto social y\/o ambiental. &#8211; Casa do Impacto Lisboa.                    <\/div>\n                <\/a>\n            <\/div>\n                                    <div class=\"col-lg-6 col-xl-4\">\n                <a class=\"recursos__item h-100\" href=\"https:\/\/empreendexxi.pt\/\" target=\"blank\" title=\"EmpreendeXXI\">\n                    <div class=\"recursos__item-header\">\n                        <img decoding=\"async\" src=\"https:\/\/mulherescomimpacto.com\/wp-content\/uploads\/2023\/08\/Empreende.png\" alt=\"EmpreendeXXI\" loading=\"lazy\">\n                    <\/div>\n                    <h3 class=\"text-uppercase my-4\">EmpreendeXXI<\/h3>\n                    <div class=\"caption\">\n                        Apoya la creaci\u00f3n, desarrollo y financiamiento de nuevos proyectos empresariales e ideas de negocio econ\u00f3micamente viables. &#8211; StartUp Portugal e IEFP.                    <\/div>\n                <\/a>\n            <\/div>\n                    <\/div>\n    <\/div>\n<\/section>\n\n\n<section class=\"recursos mt-0\" style=\"--bg-color: var(--purple-color);\">\n    <div class=\"container\">\n        <div class=\"row gx-0\">\n            <div class=\"recursos__content col-lg-6 col-xl-4\">\n                <div class=\"vstack h-100\">\n                    <h2 class=\"recursos__title title p-0\">Apoyos:<\/h2>\n                    <p class=\"recursos__caption caption\">Stakeholders y organizaciones que ofrecen recursos variados para emprendedoras, como comunidades, espacios de coworking y cooperativas.<\/p>\n                <\/div>\n            <\/div>\n            \n                                    <div class=\"col-lg-6 col-xl-4\">\n                <a class=\"recursos__item h-100\" href=\"https:\/\/lisbon.impacthub.net\/\" target=\"blank\" title=\"Impact Hub Lisbon\">\n                    <div class=\"recursos__item-header\">\n                        <img decoding=\"async\" src=\"https:\/\/mulherescomimpacto.com\/wp-content\/uploads\/2023\/08\/Impact-hub-lisbon.png\" alt=\"Impact Hub Lisbon\" loading=\"lazy\">\n                    <\/div>\n                    <h3 class=\"text-uppercase my-4\">Impact Hub Lisbon<\/h3>\n                    <div class=\"caption\">\n                        Red global de networking con espacio de coworking para una comunidad internacional de emprendedores que crean conexiones, colaboraciones y sinergias.                    <\/div>\n                <\/a>\n            <\/div>\n                                    <div class=\"col-lg-6 col-xl-4\">\n                <a class=\"recursos__item h-100\" href=\"https:\/\/www.instagram.com\/women2womenpt\/\" target=\"blank\" title=\"Women2Women Portugal\">\n                    <div class=\"recursos__item-header\">\n                        <img decoding=\"async\" src=\"https:\/\/mulherescomimpacto.com\/wp-content\/uploads\/2023\/08\/Women-2-women-1.png\" alt=\"Women2Women Portugal\" loading=\"lazy\">\n                    <\/div>\n                    <h3 class=\"text-uppercase my-4\">Women2Women Portugal<\/h3>\n                    <div class=\"caption\">\n                        Organizaci\u00f3n sin fines de lucro enfocada en contribuir a la igualdad de g\u00e9nero y empoderar a j\u00f3venes mujeres a trav\u00e9s de liderazgo y valores del feminismo interseccional.                    <\/div>\n                <\/a>\n            <\/div>\n                                    <div class=\"col-lg-6 col-xl-4\">\n                <a class=\"recursos__item h-100\" href=\"https:\/\/shesapiens.com\/\" target=\"blank\" title=\"She Sapiens\">\n                    <div class=\"recursos__item-header\">\n                        <img decoding=\"async\" src=\"https:\/\/mulherescomimpacto.com\/wp-content\/uploads\/2023\/08\/She-sapiens.png\" alt=\"She Sapiens\" loading=\"lazy\">\n                    <\/div>\n                    <h3 class=\"text-uppercase my-4\">She Sapiens<\/h3>\n                    <div class=\"caption\">\n                        Comunidad global para fundadoras femeninas con diversos eventos y talleres de networking, una plataforma digital para conexiones y un podcast significativo.                    <\/div>\n                <\/a>\n            <\/div>\n                                    <div class=\"col-lg-6 col-xl-4\">\n                <a class=\"recursos__item h-100\" href=\"https:\/\/www.mulheresaobra.pt\/\" target=\"blank\" title=\"Mulheres \u00e0 Obra\">\n                    <div class=\"recursos__item-header\">\n                        <img decoding=\"async\" src=\"https:\/\/mulherescomimpacto.com\/wp-content\/uploads\/2023\/08\/Mulheres-a-obra.png\" alt=\"Mulheres \u00e0 Obra\" loading=\"lazy\">\n                    <\/div>\n                    <h3 class=\"text-uppercase my-4\">Mulheres \u00e0 Obra<\/h3>\n                    <div class=\"caption\">\n                        Comunidad de mujeres emprendedoras que proporciona tanto conexiones y apoyo, como tambi\u00e9n un conjunto de herramientas para negocios.                    <\/div>\n                <\/a>\n            <\/div>\n                                    <div class=\"col-lg-6 col-xl-4\">\n                <a class=\"recursos__item h-100\" href=\"https:\/\/www.portuguesewomenintech.com\/our-story\" target=\"blank\" title=\"Portuguese Women in Tech\">\n                    <div class=\"recursos__item-header\">\n                        <img decoding=\"async\" src=\"https:\/\/mulherescomimpacto.com\/wp-content\/uploads\/2023\/08\/Portuguese-women-in-tech.png\" alt=\"Portuguese Women in Tech\" loading=\"lazy\">\n                    <\/div>\n                    <h3 class=\"text-uppercase my-4\">Portuguese Women in Tech<\/h3>\n                    <div class=\"caption\">\n                        Apoya a mujeres en el campo de la tecnolog\u00eda proporcionando visibilidad, networking, mentor\u00eda y creando formaciones relevantes.                    <\/div>\n                <\/a>\n            <\/div>\n                    <\/div>\n    <\/div>\n<\/section>\n","protected":false},"excerpt":{"rendered":"","protected":false},"author":1,"featured_media":0,"parent":0,"menu_order":0,"comment_status":"closed","ping_status":"closed","template":"","meta":{"inline_featured_image":false,"footnotes":""},"class_list":["post-322","page","type-page","status-publish","hentry"],"acf":[],"yoast_head":"<!-- This site is optimized with the Yoast SEO plugin v27.6 - https:\/\/yoast.com\/product\/yoast-seo-wordpress\/ -->\n<title>Lisboa - Mulheres com Impacto<\/title>\n<meta name=\"robots\" content=\"index, follow, max-snippet:-1, max-image-preview:large, max-video-preview:-1\" \/>\n<link rel=\"canonical\" href=\"https:\/\/mulherescomimpacto.com\/es\/lisboa\/\" \/>\n<meta property=\"og:locale\" content=\"es_ES\" \/>\n<meta property=\"og:type\" content=\"article\" \/>\n<meta property=\"og:title\" content=\"Lisboa - Mulheres com Impacto\" \/>\n<meta property=\"og:url\" content=\"https:\/\/mulherescomimpacto.com\/es\/lisboa\/\" \/>\n<meta property=\"og:site_name\" content=\"Mulheres com Impacto\" \/>\n<meta property=\"article:modified_time\" content=\"2024-02-09T11:20:35+00:00\" \/>\n<meta property=\"og:image\" content=\"https:\/\/mulherescomimpacto.com\/wp-content\/uploads\/2023\/06\/SEO-home-image-1.png\" \/>\n\t<meta property=\"og:image:width\" content=\"2400\" \/>\n\t<meta property=\"og:image:height\" content=\"1350\" \/>\n\t<meta property=\"og:image:type\" content=\"image\/png\" \/>\n<meta name=\"twitter:card\" content=\"summary_large_image\" \/>\n<script type=\"application\/ld+json\" class=\"yoast-schema-graph\">{\"@context\":\"https:\\\/\\\/schema.org\",\"@graph\":[{\"@type\":\"WebPage\",\"@id\":\"https:\\\/\\\/mulherescomimpacto.com\\\/es\\\/lisboa\\\/\",\"url\":\"https:\\\/\\\/mulherescomimpacto.com\\\/es\\\/lisboa\\\/\",\"name\":\"Lisboa - Mulheres com Impacto\",\"isPartOf\":{\"@id\":\"https:\\\/\\\/mulherescomimpacto.com\\\/es\\\/#website\"},\"datePublished\":\"2023-08-14T11:16:57+00:00\",\"dateModified\":\"2024-02-09T11:20:35+00:00\",\"breadcrumb\":{\"@id\":\"https:\\\/\\\/mulherescomimpacto.com\\\/es\\\/lisboa\\\/#breadcrumb\"},\"inLanguage\":\"es\",\"potentialAction\":[{\"@type\":\"ReadAction\",\"target\":[\"https:\\\/\\\/mulherescomimpacto.com\\\/es\\\/lisboa\\\/\"]}]},{\"@type\":\"BreadcrumbList\",\"@id\":\"https:\\\/\\\/mulherescomimpacto.com\\\/es\\\/lisboa\\\/#breadcrumb\",\"itemListElement\":[{\"@type\":\"ListItem\",\"position\":1,\"name\":\"Home\",\"item\":\"https:\\\/\\\/mulherescomimpacto.com\\\/es\\\/\"},{\"@type\":\"ListItem\",\"position\":2,\"name\":\"Lisboa\"}]},{\"@type\":\"WebSite\",\"@id\":\"https:\\\/\\\/mulherescomimpacto.com\\\/es\\\/#website\",\"url\":\"https:\\\/\\\/mulherescomimpacto.com\\\/es\\\/\",\"name\":\"Mulheres com Impacto\",\"description\":\"Empreendedorismo Feminino entre cidades Ibero-Americanas\",\"publisher\":{\"@id\":\"https:\\\/\\\/mulherescomimpacto.com\\\/es\\\/#organization\"},\"potentialAction\":[{\"@type\":\"SearchAction\",\"target\":{\"@type\":\"EntryPoint\",\"urlTemplate\":\"https:\\\/\\\/mulherescomimpacto.com\\\/es\\\/?s={search_term_string}\"},\"query-input\":{\"@type\":\"PropertyValueSpecification\",\"valueRequired\":true,\"valueName\":\"search_term_string\"}}],\"inLanguage\":\"es\"},{\"@type\":\"Organization\",\"@id\":\"https:\\\/\\\/mulherescomimpacto.com\\\/es\\\/#organization\",\"name\":\"Mulheres com Impacto\",\"url\":\"https:\\\/\\\/mulherescomimpacto.com\\\/es\\\/\",\"logo\":{\"@type\":\"ImageObject\",\"inLanguage\":\"es\",\"@id\":\"https:\\\/\\\/mulherescomimpacto.com\\\/es\\\/#\\\/schema\\\/logo\\\/image\\\/\",\"url\":\"https:\\\/\\\/mulherescomimpacto.com\\\/wp-content\\\/uploads\\\/2023\\\/06\\\/Mulheres-com-impacto-logo-yellow.svg\",\"contentUrl\":\"https:\\\/\\\/mulherescomimpacto.com\\\/wp-content\\\/uploads\\\/2023\\\/06\\\/Mulheres-com-impacto-logo-yellow.svg\",\"width\":219,\"height\":118,\"caption\":\"Mulheres com Impacto\"},\"image\":{\"@id\":\"https:\\\/\\\/mulherescomimpacto.com\\\/es\\\/#\\\/schema\\\/logo\\\/image\\\/\"}}]}<\/script>\n<!-- \/ Yoast SEO plugin. -->","yoast_head_json":{"title":"Lisboa - Mulheres com Impacto","robots":{"index":"index","follow":"follow","max-snippet":"max-snippet:-1","max-image-preview":"max-image-preview:large","max-video-preview":"max-video-preview:-1"},"canonical":"https:\/\/mulherescomimpacto.com\/es\/lisboa\/","og_locale":"es_ES","og_type":"article","og_title":"Lisboa - Mulheres com Impacto","og_url":"https:\/\/mulherescomimpacto.com\/es\/lisboa\/","og_site_name":"Mulheres com Impacto","article_modified_time":"2024-02-09T11:20:35+00:00","og_image":[{"width":2400,"height":1350,"url":"https:\/\/mulherescomimpacto.com\/wp-content\/uploads\/2023\/06\/SEO-home-image-1.png","type":"image\/png"}],"twitter_card":"summary_large_image","schema":{"@context":"https:\/\/schema.org","@graph":[{"@type":"WebPage","@id":"https:\/\/mulherescomimpacto.com\/es\/lisboa\/","url":"https:\/\/mulherescomimpacto.com\/es\/lisboa\/","name":"Lisboa - Mulheres com Impacto","isPartOf":{"@id":"https:\/\/mulherescomimpacto.com\/es\/#website"},"datePublished":"2023-08-14T11:16:57+00:00","dateModified":"2024-02-09T11:20:35+00:00","breadcrumb":{"@id":"https:\/\/mulherescomimpacto.com\/es\/lisboa\/#breadcrumb"},"inLanguage":"es","potentialAction":[{"@type":"ReadAction","target":["https:\/\/mulherescomimpacto.com\/es\/lisboa\/"]}]},{"@type":"BreadcrumbList","@id":"https:\/\/mulherescomimpacto.com\/es\/lisboa\/#breadcrumb","itemListElement":[{"@type":"ListItem","position":1,"name":"Home","item":"https:\/\/mulherescomimpacto.com\/es\/"},{"@type":"ListItem","position":2,"name":"Lisboa"}]},{"@type":"WebSite","@id":"https:\/\/mulherescomimpacto.com\/es\/#website","url":"https:\/\/mulherescomimpacto.com\/es\/","name":"Mulheres com Impacto","description":"Empreendedorismo Feminino entre cidades Ibero-Americanas","publisher":{"@id":"https:\/\/mulherescomimpacto.com\/es\/#organization"},"potentialAction":[{"@type":"SearchAction","target":{"@type":"EntryPoint","urlTemplate":"https:\/\/mulherescomimpacto.com\/es\/?s={search_term_string}"},"query-input":{"@type":"PropertyValueSpecification","valueRequired":true,"valueName":"search_term_string"}}],"inLanguage":"es"},{"@type":"Organization","@id":"https:\/\/mulherescomimpacto.com\/es\/#organization","name":"Mulheres com Impacto","url":"https:\/\/mulherescomimpacto.com\/es\/","logo":{"@type":"ImageObject","inLanguage":"es","@id":"https:\/\/mulherescomimpacto.com\/es\/#\/schema\/logo\/image\/","url":"https:\/\/mulherescomimpacto.com\/wp-content\/uploads\/2023\/06\/Mulheres-com-impacto-logo-yellow.svg","contentUrl":"https:\/\/mulherescomimpacto.com\/wp-content\/uploads\/2023\/06\/Mulheres-com-impacto-logo-yellow.svg","width":219,"height":118,"caption":"Mulheres com Impacto"},"image":{"@id":"https:\/\/mulherescomimpacto.com\/es\/#\/schema\/logo\/image\/"}}]}},"_links":{"self":[{"href":"https:\/\/mulherescomimpacto.com\/es\/wp-json\/wp\/v2\/pages\/322","targetHints":{"allow":["GET"]}}],"collection":[{"href":"https:\/\/mulherescomimpacto.com\/es\/wp-json\/wp\/v2\/pages"}],"about":[{"href":"https:\/\/mulherescomimpacto.com\/es\/wp-json\/wp\/v2\/types\/page"}],"author":[{"embeddable":true,"href":"https:\/\/mulherescomimpacto.com\/es\/wp-json\/wp\/v2\/users\/1"}],"replies":[{"embeddable":true,"href":"https:\/\/mulherescomimpacto.com\/es\/wp-json\/wp\/v2\/comments?post=322"}],"version-history":[{"count":12,"href":"https:\/\/mulherescomimpacto.com\/es\/wp-json\/wp\/v2\/pages\/322\/revisions"}],"predecessor-version":[{"id":654,"href":"https:\/\/mulherescomimpacto.com\/es\/wp-json\/wp\/v2\/pages\/322\/revisions\/654"}],"wp:attachment":[{"href":"https:\/\/mulherescomimpacto.com\/es\/wp-json\/wp\/v2\/media?parent=322"}],"curies":[{"name":"wp","href":"https:\/\/api.w.org\/{rel}","templated":true}]}}