{"id":330,"date":"2023-08-14T11:35:27","date_gmt":"2023-08-14T11:35:27","guid":{"rendered":"https:\/\/mulherescomimpacto.com\/?page_id=330"},"modified":"2024-02-09T11:18:43","modified_gmt":"2024-02-09T11:18:43","slug":"buenos-aires","status":"publish","type":"page","link":"https:\/\/mulherescomimpacto.com\/es\/buenos-aires\/","title":{"rendered":"Buenos Aires"},"content":{"rendered":"\n<section class=\"home-hero\">\n    <div class=\"container\">\n    <div class=\"row\">\n        <div class=\"col-xl-7 pe-xl-0\">\n            <h2 class=\"home-hero__title title mb-4 mb-xl-2\">Recursos de apoyo para el emprendimiento femenino en Buenos Aires.<\/h2>\n        <\/div>\n\n        <div class=\"col-xl-5 ms-xl-auto\">\n            <p class=\"home-hero__caption caption mb-4\">La capital Buenos Aires est\u00e1 en el radar mundial por su ecosistema emergente de startups: en 2021, ingres\u00f3 por primera vez en el Top 100 de ecosistemas emergentes y se posiciona entre el 1\u00ba y el 60\u00ba lugar de este mismo ranking, seg\u00fan datos de \u00abThe Global Startup Ecosystem Report 2021\u00bb.<\/p>\n                    <\/div>\n    <\/div>\n\n    <div class=\"home-hero__img\" aria-hidden=\"true\"><\/div><\/div>\n<\/section>\n\n<section class=\"recursos mt-0\" style=\"--bg-color: var(--light-brown-color);\">\n    <div class=\"container\">\n        <div class=\"row gx-0\">\n            <div class=\"recursos__content col-lg-6 col-xl-4\">\n                <div class=\"vstack h-100\">\n                    <h2 class=\"recursos__title title p-0\">Educaci\u00f3n y formaci\u00f3n:<\/h2>\n                    <p class=\"recursos__caption caption\">Recursos espec\u00edficos y programas relevantes que proporcionan formaci\u00f3n, educaci\u00f3n y capacitaci\u00f3n para mujeres emprendedoras y sus ideas, negocios y proyectos en fase inicial.<\/p>\n                <\/div>\n            <\/div>\n            \n                                    <div class=\"col-lg-6 col-xl-4\">\n                <a class=\"recursos__item h-100\" href=\"https:\/\/portaldeoportunidades.buenosaires.gob.ar\/education-offers\" target=\"blank\" title=\"Portal de Oportunidades BA\">\n                    <div class=\"recursos__item-header\">\n                        <img decoding=\"async\" src=\"https:\/\/mulherescomimpacto.com\/wp-content\/uploads\/2023\/10\/image-3.png\" alt=\"Portal de Oportunidades BA\" loading=\"lazy\">\n                    <\/div>\n                    <h3 class=\"text-uppercase my-4\">Portal de Oportunidades BA<\/h3>\n                    <div class=\"caption\">\n                        Plataforma donde est\u00e1n disponibles diversas capacitaciones y cursos laborales proporcionados por diferentes \u00e1reas del Gobierno.                    <\/div>\n                <\/a>\n            <\/div>\n                                    <div class=\"col-lg-6 col-xl-4\">\n                <a class=\"recursos__item h-100\" href=\"https:\/\/academiaba.buenosaires.gob.ar\/\" target=\"blank\" title=\"Academia BA Empreende\">\n                    <div class=\"recursos__item-header\">\n                        <img decoding=\"async\" src=\"https:\/\/mulherescomimpacto.com\/wp-content\/uploads\/2023\/10\/image-4.png\" alt=\"Academia BA Empreende\" loading=\"lazy\">\n                    <\/div>\n                    <h3 class=\"text-uppercase my-4\">Academia BA Empreende<\/h3>\n                    <div class=\"caption\">\n                        Academia con programas de formaci\u00f3n gratuitos que busca acompa\u00f1ar el crecimiento de los emprendedores a trav\u00e9s de cursos y talleres.                    <\/div>\n                <\/a>\n            <\/div>\n                                    <div class=\"col-lg-6 col-xl-4\">\n                <a class=\"recursos__item h-100\" href=\"https:\/\/buenosaires.gob.ar\/fortalecimiento\/incubate\" target=\"blank\" title=\"IncuBAte\">\n                    <div class=\"recursos__item-header\">\n                        <img decoding=\"async\" src=\"https:\/\/mulherescomimpacto.com\/wp-content\/uploads\/2023\/10\/image-5.png\" alt=\"IncuBAte\" loading=\"lazy\">\n                    <\/div>\n                    <h3 class=\"text-uppercase my-4\">IncuBAte<\/h3>\n                    <div class=\"caption\">\n                        Programa de incubaci\u00f3n gubernamental que estimula el fortalecimiento y la consolidaci\u00f3n de emprendimientos innovadores.                    <\/div>\n                <\/a>\n            <\/div>\n                                    <div class=\"col-lg-6 col-xl-4\">\n                <a class=\"recursos__item h-100\" href=\"https:\/\/www.argentina.hsbc.com.ar\/mujeresalmundo\/acelerar\/index.html?canal=ORGANI\" target=\"blank\" title=\"Acelerar Creadoras\">\n                    <div class=\"recursos__item-header\">\n                        <img decoding=\"async\" src=\"https:\/\/mulherescomimpacto.com\/wp-content\/uploads\/2023\/10\/image-6.png\" alt=\"Acelerar Creadoras\" loading=\"lazy\">\n                    <\/div>\n                    <h3 class=\"text-uppercase my-4\">Acelerar Creadoras<\/h3>\n                    <div class=\"caption\">\n                        Programa de acelera\u00e7\u00e3o para mulheres empreendedoras.                    <\/div>\n                <\/a>\n            <\/div>\n                                    <div class=\"col-lg-6 col-xl-4\">\n                <a class=\"recursos__item h-100\" href=\"https:\/\/www.endeavor.org.ar\/programas\/women-in-entrepreneurship\/\" target=\"blank\" title=\"Women in Entrepreneurship WE\">\n                    <div class=\"recursos__item-header\">\n                        <img decoding=\"async\" src=\"https:\/\/mulherescomimpacto.com\/wp-content\/uploads\/2023\/10\/image-7.png\" alt=\"Women in Entrepreneurship WE\" loading=\"lazy\">\n                    <\/div>\n                    <h3 class=\"text-uppercase my-4\">Women in Entrepreneurship WE<\/h3>\n                    <div class=\"caption\">\n                        Programa de acelera\u00e7\u00e3o para mulheres empreendedoras.                    <\/div>\n                <\/a>\n            <\/div>\n                    <\/div>\n    <\/div>\n<\/section>\n\n\n<section class=\"recursos mt-0\" style=\"--bg-color: var(--yellow-color);\">\n    <div class=\"container\">\n        <div class=\"row gx-0\">\n            <div class=\"recursos__content col-lg-6 col-xl-4\">\n                <div class=\"vstack h-100\">\n                    <h2 class=\"recursos__title title p-0\">Financiamiento:<\/h2>\n                    <p class=\"recursos__caption caption\">Recursos espec\u00edficos de programas de inversi\u00f3n y fondos dirigidos a negocios y proyectos emprendedores en diversas \u00e1reas de intervenci\u00f3n.<\/p>\n                <\/div>\n            <\/div>\n            \n                                    <div class=\"col-lg-6 col-xl-4\">\n                <a class=\"recursos__item h-100\" href=\"https:\/\/buenosaires.gob.ar\/noticias\/el-gobierno-porteno-puso-en-marcha-el-fondes-una-novedosa-herramienta-financiera-para\" target=\"blank\" title=\"FONDES\">\n                    <div class=\"recursos__item-header\">\n                        <img decoding=\"async\" src=\"https:\/\/mulherescomimpacto.com\/wp-content\/uploads\/2023\/10\/image-3.png\" alt=\"FONDES\" loading=\"lazy\">\n                    <\/div>\n                    <h3 class=\"text-uppercase my-4\">FONDES<\/h3>\n                    <div class=\"caption\">\n                        Fondo que ofrece pr\u00e9stamos directos a entidades intermedias para proporcionar financiamiento productivo en condiciones adecuadas a los empresarios, en beneficio de la econom\u00eda popular.                    <\/div>\n                <\/a>\n            <\/div>\n                                    <div class=\"col-lg-6 col-xl-4\">\n                <a class=\"recursos__item h-100\" href=\"https:\/\/www.argentina.gob.ar\/asistencia-financiera\" target=\"blank\" title=\"Programa de Asistencia Financiera\">\n                    <div class=\"recursos__item-header\">\n                        <img decoding=\"async\" src=\"https:\/\/mulherescomimpacto.com\/wp-content\/uploads\/2023\/10\/logo_web_inaes5_1.png\" alt=\"Programa de Asistencia Financiera\" loading=\"lazy\">\n                    <\/div>\n                    <h3 class=\"text-uppercase my-4\">Programa de Asistencia Financiera<\/h3>\n                    <div class=\"caption\">\n                        Servicio de asesoramiento personalizado que acompa\u00f1a a cada emprendedor de la econom\u00eda social en la detecci\u00f3n de necesidades de financiamiento y en el an\u00e1lisis de diversos veh\u00edculos financieros (p\u00fablicos y privados).                    <\/div>\n                <\/a>\n            <\/div>\n                                    <div class=\"col-lg-6 col-xl-4\">\n                <a class=\"recursos__item h-100\" href=\"https:\/\/www.argentina.gob.ar\/servicio\/acceder-al-programa-emprender-con-perspectiva-de-genero\" target=\"blank\" title=\"Emprender con Perspectiva de G\u00e9nero\">\n                    <div class=\"recursos__item-header\">\n                        <img decoding=\"async\" src=\"https:\/\/mulherescomimpacto.com\/wp-content\/uploads\/2023\/10\/image-8.png\" alt=\"Emprender con Perspectiva de G\u00e9nero\" loading=\"lazy\">\n                    <\/div>\n                    <h3 class=\"text-uppercase my-4\">Emprender con Perspectiva de G\u00e9nero<\/h3>\n                    <div class=\"caption\">\n                        Programas de financiamiento a trav\u00e9s de Aportes No Reembolsables (ANR) para empresas que se encuentren en estado de desarrollo inicial y cuya perspectiva de producci\u00f3n o promoci\u00f3n est\u00e9 basada en el g\u00e9nero.                    <\/div>\n                <\/a>\n            <\/div>\n                                    <div class=\"col-lg-6 col-xl-4\">\n                <a class=\"recursos__item h-100\" href=\"https:\/\/buenosaires.gob.ar\/desarrolloeconomico\/acelera-ba\" target=\"blank\" title=\"Acelera BA\">\n                    <div class=\"recursos__item-header\">\n                        <img decoding=\"async\" src=\"https:\/\/mulherescomimpacto.com\/wp-content\/uploads\/2023\/10\/Tirar-fundos.svg\" alt=\"Acelera BA\" loading=\"lazy\">\n                    <\/div>\n                    <h3 class=\"text-uppercase my-4\">Acelera BA<\/h3>\n                    <div class=\"caption\">\n                        Iniciativa organizada por el Ministerio de Desarrollo Econ\u00f3mico y Producci\u00f3n a trav\u00e9s de investBA, la Agencia Municipal de Promoci\u00f3n de Inversiones y Comercio Exterior.                    <\/div>\n                <\/a>\n            <\/div>\n                                    <div class=\"col-lg-6 col-xl-4\">\n                <a class=\"recursos__item h-100\" href=\"https:\/\/www.bancociudad.com.ar\/institucional\/micrositio\/prestamos_mujeres_emprendedoras\" target=\"blank\" title=\"Ciudad Mujeres Emprendedoras\">\n                    <div class=\"recursos__item-header\">\n                        <img decoding=\"async\" src=\"https:\/\/mulherescomimpacto.com\/wp-content\/uploads\/2023\/10\/image-10.png\" alt=\"Ciudad Mujeres Emprendedoras\" loading=\"lazy\">\n                    <\/div>\n                    <h3 class=\"text-uppercase my-4\">Ciudad Mujeres Emprendedoras<\/h3>\n                    <div class=\"caption\">\n                        Servicio que acompa\u00f1a el desarrollo profesional del negocio de mujeres emprendedoras con acceso a cr\u00e9dito y capacitaci\u00f3n.                    <\/div>\n                <\/a>\n            <\/div>\n                    <\/div>\n    <\/div>\n<\/section>\n\n\n<section class=\"recursos mt-0\" style=\"--bg-color: var(--purple-color);\">\n    <div class=\"container\">\n        <div class=\"row gx-0\">\n            <div class=\"recursos__content col-lg-6 col-xl-4\">\n                <div class=\"vstack h-100\">\n                    <h2 class=\"recursos__title title p-0\">Apoyos:<\/h2>\n                    <p class=\"recursos__caption caption\">Recursos y programas espec\u00edficos del gobierno u otras organizaciones locales o nacionales.<\/p>\n                <\/div>\n            <\/div>\n            \n                                    <div class=\"col-lg-6 col-xl-4\">\n                <a class=\"recursos__item h-100\" href=\"https:\/\/valorpopular.buenosaires.gob.ar\/\" target=\"blank\" title=\"Plataforma Valor Popular\">\n                    <div class=\"recursos__item-header\">\n                        <img decoding=\"async\" src=\"https:\/\/mulherescomimpacto.com\/wp-content\/uploads\/2023\/10\/image-3.png\" alt=\"Plataforma Valor Popular\" loading=\"lazy\">\n                    <\/div>\n                    <h3 class=\"text-uppercase my-4\">Plataforma Valor Popular<\/h3>\n                    <div class=\"caption\">\n                        Plataforma que re\u00fane la oferta de bienes y servicios de la econom\u00eda social para que las empresas del sector privado puedan conocer y seleccionar f\u00e1cilmente proveedores, generando ingresos para los empresarios.                    <\/div>\n                <\/a>\n            <\/div>\n                                    <div class=\"col-lg-6 col-xl-4\">\n                <a class=\"recursos__item h-100\" href=\"https:\/\/buenosaires.gob.ar\/fortalecimiento\/pacto-emprendedor\" target=\"blank\" title=\"Pacto Empreendedor\">\n                    <div class=\"recursos__item-header\">\n                        <img decoding=\"async\" src=\"https:\/\/mulherescomimpacto.com\/wp-content\/uploads\/2023\/10\/image-3.png\" alt=\"Pacto Empreendedor\" loading=\"lazy\">\n                    <\/div>\n                    <h3 class=\"text-uppercase my-4\">Pacto Empreendedor<\/h3>\n                    <div class=\"caption\">\n                        Programa integral que busca, a trav\u00e9s del intercambio de capital social, generar circuitos econ\u00f3micos virtuosos entre emprendedores y mentores, fortaleciendo as\u00ed el desarrollo econ\u00f3mico local.                    <\/div>\n                <\/a>\n            <\/div>\n                        <div class=\"col-lg-6 col-xl-4 d-none d-xl-block\" aria-hidden=\"true\"><\/div>            <div class=\"col-lg-6 col-xl-4\">\n                <a class=\"recursos__item h-100\" href=\"https:\/\/buenosaires.gob.ar\/noticias\/voslohaces-2023-vuelve-el-concurso-para-hacer-realidad-tu-proyecto\" target=\"blank\" title=\"Vos Lo Haces\">\n                    <div class=\"recursos__item-header\">\n                        <img decoding=\"async\" src=\"https:\/\/mulherescomimpacto.com\/wp-content\/uploads\/2023\/10\/image-3.png\" alt=\"Vos Lo Haces\" loading=\"lazy\">\n                    <\/div>\n                    <h3 class=\"text-uppercase my-4\">Vos Lo Haces<\/h3>\n                    <div class=\"caption\">\n                        #VosLoHaces es un concurso de ideas emprendedoras. Su objetivo es promover el surgimiento de proyectos emprendedores e incentivar a los participantes a materializar sus ideas.                    <\/div>\n                <\/a>\n            <\/div>\n                    <\/div>\n    <\/div>\n<\/section>\n","protected":false},"excerpt":{"rendered":"","protected":false},"author":1,"featured_media":0,"parent":0,"menu_order":0,"comment_status":"closed","ping_status":"closed","template":"","meta":{"inline_featured_image":false,"footnotes":""},"class_list":["post-330","page","type-page","status-publish","hentry"],"acf":[],"yoast_head":"<!-- This site is optimized with the Yoast SEO plugin v27.6 - https:\/\/yoast.com\/product\/yoast-seo-wordpress\/ -->\n<title>Buenos Aires - Mulheres com Impacto<\/title>\n<meta name=\"robots\" content=\"index, follow, max-snippet:-1, max-image-preview:large, max-video-preview:-1\" \/>\n<link rel=\"canonical\" href=\"https:\/\/mulherescomimpacto.com\/es\/buenos-aires\/\" \/>\n<meta property=\"og:locale\" content=\"es_ES\" \/>\n<meta property=\"og:type\" content=\"article\" \/>\n<meta property=\"og:title\" content=\"Buenos Aires - Mulheres com Impacto\" \/>\n<meta property=\"og:url\" content=\"https:\/\/mulherescomimpacto.com\/es\/buenos-aires\/\" \/>\n<meta property=\"og:site_name\" content=\"Mulheres com Impacto\" \/>\n<meta property=\"article:modified_time\" content=\"2024-02-09T11:18:43+00:00\" \/>\n<meta property=\"og:image\" content=\"https:\/\/mulherescomimpacto.com\/wp-content\/uploads\/2023\/06\/SEO-home-image-1.png\" \/>\n\t<meta property=\"og:image:width\" content=\"2400\" \/>\n\t<meta property=\"og:image:height\" content=\"1350\" \/>\n\t<meta property=\"og:image:type\" content=\"image\/png\" \/>\n<meta name=\"twitter:card\" content=\"summary_large_image\" \/>\n<script type=\"application\/ld+json\" class=\"yoast-schema-graph\">{\"@context\":\"https:\\\/\\\/schema.org\",\"@graph\":[{\"@type\":\"WebPage\",\"@id\":\"https:\\\/\\\/mulherescomimpacto.com\\\/es\\\/buenos-aires\\\/\",\"url\":\"https:\\\/\\\/mulherescomimpacto.com\\\/es\\\/buenos-aires\\\/\",\"name\":\"Buenos Aires - Mulheres com Impacto\",\"isPartOf\":{\"@id\":\"https:\\\/\\\/mulherescomimpacto.com\\\/es\\\/#website\"},\"datePublished\":\"2023-08-14T11:35:27+00:00\",\"dateModified\":\"2024-02-09T11:18:43+00:00\",\"breadcrumb\":{\"@id\":\"https:\\\/\\\/mulherescomimpacto.com\\\/es\\\/buenos-aires\\\/#breadcrumb\"},\"inLanguage\":\"es\",\"potentialAction\":[{\"@type\":\"ReadAction\",\"target\":[\"https:\\\/\\\/mulherescomimpacto.com\\\/es\\\/buenos-aires\\\/\"]}]},{\"@type\":\"BreadcrumbList\",\"@id\":\"https:\\\/\\\/mulherescomimpacto.com\\\/es\\\/buenos-aires\\\/#breadcrumb\",\"itemListElement\":[{\"@type\":\"ListItem\",\"position\":1,\"name\":\"Home\",\"item\":\"https:\\\/\\\/mulherescomimpacto.com\\\/es\\\/\"},{\"@type\":\"ListItem\",\"position\":2,\"name\":\"Buenos Aires\"}]},{\"@type\":\"WebSite\",\"@id\":\"https:\\\/\\\/mulherescomimpacto.com\\\/es\\\/#website\",\"url\":\"https:\\\/\\\/mulherescomimpacto.com\\\/es\\\/\",\"name\":\"Mulheres com Impacto\",\"description\":\"Empreendedorismo Feminino entre cidades Ibero-Americanas\",\"publisher\":{\"@id\":\"https:\\\/\\\/mulherescomimpacto.com\\\/es\\\/#organization\"},\"potentialAction\":[{\"@type\":\"SearchAction\",\"target\":{\"@type\":\"EntryPoint\",\"urlTemplate\":\"https:\\\/\\\/mulherescomimpacto.com\\\/es\\\/?s={search_term_string}\"},\"query-input\":{\"@type\":\"PropertyValueSpecification\",\"valueRequired\":true,\"valueName\":\"search_term_string\"}}],\"inLanguage\":\"es\"},{\"@type\":\"Organization\",\"@id\":\"https:\\\/\\\/mulherescomimpacto.com\\\/es\\\/#organization\",\"name\":\"Mulheres com Impacto\",\"url\":\"https:\\\/\\\/mulherescomimpacto.com\\\/es\\\/\",\"logo\":{\"@type\":\"ImageObject\",\"inLanguage\":\"es\",\"@id\":\"https:\\\/\\\/mulherescomimpacto.com\\\/es\\\/#\\\/schema\\\/logo\\\/image\\\/\",\"url\":\"https:\\\/\\\/mulherescomimpacto.com\\\/wp-content\\\/uploads\\\/2023\\\/06\\\/Mulheres-com-impacto-logo-yellow.svg\",\"contentUrl\":\"https:\\\/\\\/mulherescomimpacto.com\\\/wp-content\\\/uploads\\\/2023\\\/06\\\/Mulheres-com-impacto-logo-yellow.svg\",\"width\":219,\"height\":118,\"caption\":\"Mulheres com Impacto\"},\"image\":{\"@id\":\"https:\\\/\\\/mulherescomimpacto.com\\\/es\\\/#\\\/schema\\\/logo\\\/image\\\/\"}}]}<\/script>\n<!-- \/ Yoast SEO plugin. -->","yoast_head_json":{"title":"Buenos Aires - Mulheres com Impacto","robots":{"index":"index","follow":"follow","max-snippet":"max-snippet:-1","max-image-preview":"max-image-preview:large","max-video-preview":"max-video-preview:-1"},"canonical":"https:\/\/mulherescomimpacto.com\/es\/buenos-aires\/","og_locale":"es_ES","og_type":"article","og_title":"Buenos Aires - Mulheres com Impacto","og_url":"https:\/\/mulherescomimpacto.com\/es\/buenos-aires\/","og_site_name":"Mulheres com Impacto","article_modified_time":"2024-02-09T11:18:43+00:00","og_image":[{"width":2400,"height":1350,"url":"https:\/\/mulherescomimpacto.com\/wp-content\/uploads\/2023\/06\/SEO-home-image-1.png","type":"image\/png"}],"twitter_card":"summary_large_image","schema":{"@context":"https:\/\/schema.org","@graph":[{"@type":"WebPage","@id":"https:\/\/mulherescomimpacto.com\/es\/buenos-aires\/","url":"https:\/\/mulherescomimpacto.com\/es\/buenos-aires\/","name":"Buenos Aires - Mulheres com Impacto","isPartOf":{"@id":"https:\/\/mulherescomimpacto.com\/es\/#website"},"datePublished":"2023-08-14T11:35:27+00:00","dateModified":"2024-02-09T11:18:43+00:00","breadcrumb":{"@id":"https:\/\/mulherescomimpacto.com\/es\/buenos-aires\/#breadcrumb"},"inLanguage":"es","potentialAction":[{"@type":"ReadAction","target":["https:\/\/mulherescomimpacto.com\/es\/buenos-aires\/"]}]},{"@type":"BreadcrumbList","@id":"https:\/\/mulherescomimpacto.com\/es\/buenos-aires\/#breadcrumb","itemListElement":[{"@type":"ListItem","position":1,"name":"Home","item":"https:\/\/mulherescomimpacto.com\/es\/"},{"@type":"ListItem","position":2,"name":"Buenos Aires"}]},{"@type":"WebSite","@id":"https:\/\/mulherescomimpacto.com\/es\/#website","url":"https:\/\/mulherescomimpacto.com\/es\/","name":"Mulheres com Impacto","description":"Empreendedorismo Feminino entre cidades Ibero-Americanas","publisher":{"@id":"https:\/\/mulherescomimpacto.com\/es\/#organization"},"potentialAction":[{"@type":"SearchAction","target":{"@type":"EntryPoint","urlTemplate":"https:\/\/mulherescomimpacto.com\/es\/?s={search_term_string}"},"query-input":{"@type":"PropertyValueSpecification","valueRequired":true,"valueName":"search_term_string"}}],"inLanguage":"es"},{"@type":"Organization","@id":"https:\/\/mulherescomimpacto.com\/es\/#organization","name":"Mulheres com Impacto","url":"https:\/\/mulherescomimpacto.com\/es\/","logo":{"@type":"ImageObject","inLanguage":"es","@id":"https:\/\/mulherescomimpacto.com\/es\/#\/schema\/logo\/image\/","url":"https:\/\/mulherescomimpacto.com\/wp-content\/uploads\/2023\/06\/Mulheres-com-impacto-logo-yellow.svg","contentUrl":"https:\/\/mulherescomimpacto.com\/wp-content\/uploads\/2023\/06\/Mulheres-com-impacto-logo-yellow.svg","width":219,"height":118,"caption":"Mulheres com Impacto"},"image":{"@id":"https:\/\/mulherescomimpacto.com\/es\/#\/schema\/logo\/image\/"}}]}},"_links":{"self":[{"href":"https:\/\/mulherescomimpacto.com\/es\/wp-json\/wp\/v2\/pages\/330","targetHints":{"allow":["GET"]}}],"collection":[{"href":"https:\/\/mulherescomimpacto.com\/es\/wp-json\/wp\/v2\/pages"}],"about":[{"href":"https:\/\/mulherescomimpacto.com\/es\/wp-json\/wp\/v2\/types\/page"}],"author":[{"embeddable":true,"href":"https:\/\/mulherescomimpacto.com\/es\/wp-json\/wp\/v2\/users\/1"}],"replies":[{"embeddable":true,"href":"https:\/\/mulherescomimpacto.com\/es\/wp-json\/wp\/v2\/comments?post=330"}],"version-history":[{"count":12,"href":"https:\/\/mulherescomimpacto.com\/es\/wp-json\/wp\/v2\/pages\/330\/revisions"}],"predecessor-version":[{"id":652,"href":"https:\/\/mulherescomimpacto.com\/es\/wp-json\/wp\/v2\/pages\/330\/revisions\/652"}],"wp:attachment":[{"href":"https:\/\/mulherescomimpacto.com\/es\/wp-json\/wp\/v2\/media?parent=330"}],"curies":[{"name":"wp","href":"https:\/\/api.w.org\/{rel}","templated":true}]}}